{"id":466,"date":"2019-08-22T17:38:03","date_gmt":"2019-08-22T15:38:03","guid":{"rendered":"https:\/\/shirts2enjoy.de\/wordpress\/?page_id=466"},"modified":"2019-08-22T17:59:57","modified_gmt":"2019-08-22T15:59:57","slug":"pflegehinweise","status":"publish","type":"page","link":"https:\/\/shirts2enjoy.de\/wordpress\/pflegehinweise\/","title":{"rendered":"Pflegehinweise"},"content":{"rendered":"<div class=\"fusion-fullwidth fullwidth-box nonhundred-percent-fullwidth non-hundred-percent-height-scrolling\"  style='background-color: rgba(255,255,255,0);background-position: center center;background-repeat: no-repeat;padding-top:0px;padding-right:0px;padding-bottom:0px;padding-left:0px;'><div class=\"fusion-builder-row fusion-row \"><div  class=\"fusion-layout-column fusion_builder_column fusion_builder_column_1_1 fusion-builder-column-1 fusion-one-full fusion-column-first fusion-column-last 1_1\"  style='margin-top:0px;margin-bottom:20px;'>\n\t\t\t\t\t<div class=\"fusion-column-wrapper\" style=\"padding: 0px 0px 0px 0px;background-position:left top;background-repeat:no-repeat;-webkit-background-size:cover;-moz-background-size:cover;-o-background-size:cover;background-size:cover;\"   data-bg-url=\"\">\n\t\t\t\t\t\t<div class=\"fusion-text\"><p>S\u00e4mtliche Kleidungsst\u00fccke sind mit Pflegehinweisen versehen, wie Sie das Textil behandeln sollten. Diese Hinweise sollten Sie unbedingt befolgen. Doch nicht immer sind die Symbole selbsterkl\u00e4rend. Um etwas Licht ins Dunkel zu bringen erl\u00e4utern wir die Pictogramme f\u00fcr Sie. Beachten Sie stets, dass eine unsachgem\u00e4\u00dfe Pflege zum Abf\u00e4rben, Einlaufen oder Verziehen der Ware sowie der Veredelung f\u00fchren kann.<\/p>\n<\/div><div class=\"fusion-content-boxes content-boxes columns row fusion-columns-3 fusion-columns-total-20 fusion-content-boxes-1 content-boxes-icon-on-top content-left\" data-animationOffset=\"100%\" style=\"margin-top:0px;margin-bottom:60px;\"><style type=\"text\/css\">.fusion-content-boxes-1 .heading .content-box-heading {color:#333333;}\n\t\t\t\t\t.fusion-content-boxes-1 .fusion-content-box-hover .link-area-link-icon-hover .heading .content-box-heading,\n\t\t\t\t\t.fusion-content-boxes-1 .fusion-content-box-hover .link-area-link-icon-hover .heading .heading-link .content-box-heading,\n\t\t\t\t\t.fusion-content-boxes-1 .fusion-content-box-hover .link-area-box-hover .heading .content-box-heading,\n\t\t\t\t\t.fusion-content-boxes-1 .fusion-content-box-hover .link-area-box-hover .heading .heading-link .content-box-heading,\n\t\t\t\t\t.fusion-content-boxes-1 .fusion-content-box-hover .link-area-link-icon-hover.link-area-box .fusion-read-more,\n\t\t\t\t\t.fusion-content-boxes-1 .fusion-content-box-hover .link-area-link-icon-hover.link-area-box .fusion-read-more::after,\n\t\t\t\t\t.fusion-content-boxes-1 .fusion-content-box-hover .link-area-link-icon-hover.link-area-box .fusion-read-more::before,\n\t\t\t\t\t.fusion-content-boxes-1 .fusion-content-box-hover .fusion-read-more:hover:after,\n\t\t\t\t\t.fusion-content-boxes-1 .fusion-content-box-hover .fusion-read-more:hover:before,\n\t\t\t\t\t.fusion-content-boxes-1 .fusion-content-box-hover .fusion-read-more:hover,\n\t\t\t\t\t.fusion-content-boxes-1 .fusion-content-box-hover .link-area-box-hover.link-area-box .fusion-read-more,\n\t\t\t\t\t.fusion-content-boxes-1 .fusion-content-box-hover .link-area-box-hover.link-area-box .fusion-read-more::after,\n\t\t\t\t\t.fusion-content-boxes-1 .fusion-content-box-hover .link-area-box-hover.link-area-box .fusion-read-more::before,\n\t\t\t\t\t.fusion-content-boxes-1 .fusion-content-box-hover .link-area-link-icon-hover .icon .circle-no,\n\t\t\t\t\t.fusion-content-boxes-1 .heading .heading-link:hover .content-box-heading {\n\t\t\t\t\t\tcolor: #e21594;\n\t\t\t\t\t}\n\t\t\t\t\t.fusion-content-boxes-1 .fusion-content-box-hover .link-area-box-hover .icon .circle-no {\n\t\t\t\t\t\tcolor: #e21594 !important;\n\t\t\t\t\t}.fusion-content-boxes-1 .fusion-content-box-hover .link-area-box.link-area-box-hover .fusion-content-box-button {background: #cc1291;color: #ffffff;}.fusion-content-boxes-1 .fusion-content-box-hover .link-area-box.link-area-box-hover .fusion-content-box-button .fusion-button-text {color: #ffffff;}\n\t\t\t\t\t.fusion-content-boxes-1 .fusion-content-box-hover .link-area-link-icon-hover .heading .icon > span {\n\t\t\t\t\t\tbackground-color: #e21594 !important;\n\t\t\t\t\t}\n\t\t\t\t\t.fusion-content-boxes-1 .fusion-content-box-hover .link-area-box-hover .heading .icon > span {\n\t\t\t\t\t\tborder-color: #e21594 !important;\n\t\t\t\t\t}<\/style><div class=\"fusion-column content-box-column content-box-column content-box-column-1 col-lg-4 col-md-4 col-sm-4 fusion-content-box-hover content-box-column-first-in-row\"><div class=\"col content-box-wrapper content-wrapper link-area-link-icon icon-hover-animation-fade\" style=\"background-color:rgba(255,255,255,0);\" data-animationOffset=\"100%\"><div class=\"heading heading-with-icon icon-left\"><div class=\"image\"><img loading=\"lazy\" decoding=\"async\" src=\"https:\/\/shirts2enjoy.de\/wordpress\/wp-content\/uploads\/2019\/08\/nicht_waschen.gif\" width=\"50\" height=\"38\" alt=\"nicht_waschen\" \/><\/div><h3 class=\"content-box-heading\" style=\"font-size:18px;line-height:23px;\">Nicht waschen<\/h3><\/div><\/div><\/div><div class=\"fusion-column content-box-column content-box-column content-box-column-2 col-lg-4 col-md-4 col-sm-4 fusion-content-box-hover \"><div class=\"col content-box-wrapper content-wrapper link-area-link-icon icon-hover-animation-fade\" style=\"background-color:rgba(255,255,255,0);\" data-animationOffset=\"100%\"><div class=\"heading heading-with-icon icon-left\"><div class=\"image\"><img loading=\"lazy\" decoding=\"async\" src=\"https:\/\/shirts2enjoy.de\/wordpress\/wp-content\/uploads\/2019\/08\/handwaesche.gif\" width=\"50\" height=\"38\" alt=\"handwaesche\" \/><\/div><h3 class=\"content-box-heading\" style=\"font-size:18px;line-height:23px;\">Handw\u00e4sche <\/h3><\/div><div class=\"fusion-clearfix\"><\/div><div class=\"content-container\" style=\"color:#747474;\">\n<p>bei max. 40\u00b0<\/p>\n<\/div><\/div><\/div><div class=\"fusion-column content-box-column content-box-column content-box-column-3 col-lg-4 col-md-4 col-sm-4 fusion-content-box-hover \"><div class=\"col content-box-wrapper content-wrapper link-area-link-icon icon-hover-animation-fade\" style=\"background-color:rgba(255,255,255,0);\" data-animationOffset=\"100%\"><div class=\"heading heading-with-icon icon-left\"><div class=\"image\"><img loading=\"lazy\" decoding=\"async\" src=\"https:\/\/shirts2enjoy.de\/wordpress\/wp-content\/uploads\/2019\/08\/waschen_schonend.gif\" width=\"50\" height=\"38\" alt=\"waschen_schonend\" \/><\/div><h3 class=\"content-box-heading\" style=\"font-size:18px;line-height:23px;\">Schonendes waschen<\/h3><\/div><\/div><\/div><div class=\"fusion-column content-box-column content-box-column content-box-column-4 col-lg-4 col-md-4 col-sm-4 fusion-content-box-hover content-box-column-first-in-row\"><div class=\"col content-box-wrapper content-wrapper link-area-link-icon icon-hover-animation-fade\" style=\"background-color:rgba(255,255,255,0);\" data-animationOffset=\"100%\"><div class=\"heading heading-with-icon icon-left\"><div class=\"image\"><img loading=\"lazy\" decoding=\"async\" src=\"https:\/\/shirts2enjoy.de\/wordpress\/wp-content\/uploads\/2019\/08\/waschen_besonders_schonend.gif\" width=\"50\" height=\"38\" alt=\"waschen_besonders_schonend\" \/><\/div><h3 class=\"content-box-heading\" style=\"font-size:18px;line-height:23px;\">Besonders schonendes Waschen<\/h3><\/div><\/div><\/div><div class=\"fusion-column content-box-column content-box-column content-box-column-5 col-lg-4 col-md-4 col-sm-4 fusion-content-box-hover \"><div class=\"col content-box-wrapper content-wrapper link-area-link-icon icon-hover-animation-fade\" style=\"background-color:rgba(255,255,255,0);\" data-animationOffset=\"100%\"><div class=\"heading heading-with-icon icon-left\"><div class=\"image\"><img loading=\"lazy\" decoding=\"async\" src=\"https:\/\/shirts2enjoy.de\/wordpress\/wp-content\/uploads\/2019\/08\/waschen_temperaturen.gif\" width=\"50\" height=\"38\" alt=\"waschen_temperaturen\" \/><\/div><h3 class=\"content-box-heading\" style=\"font-size:18px;line-height:23px;\">Waschen in der Waschmaschine <\/h3><\/div><div class=\"fusion-clearfix\"><\/div><div class=\"content-container\" style=\"color:#747474;\">\n<p>entsprechend der angegebenen Temperatur<\/p>\n<\/div><\/div><\/div><div class=\"fusion-column content-box-column content-box-column content-box-column-6 col-lg-4 col-md-4 col-sm-4 fusion-content-box-hover \"><div class=\"col content-box-wrapper content-wrapper link-area-link-icon icon-hover-animation-fade\" style=\"background-color:rgba(255,255,255,0);\" data-animationOffset=\"100%\"><div class=\"heading heading-with-icon icon-left\"><div class=\"image\"><img loading=\"lazy\" decoding=\"async\" src=\"https:\/\/shirts2enjoy.de\/wordpress\/wp-content\/uploads\/2019\/08\/nicht_buegeln.gif\" width=\"50\" height=\"38\" alt=\"nicht_buegeln\" \/><\/div><h3 class=\"content-box-heading\" style=\"font-size:18px;line-height:23px;\">Nicht B\u00fcgeln<\/h3><\/div><\/div><\/div><div class=\"fusion-column content-box-column content-box-column content-box-column-7 col-lg-4 col-md-4 col-sm-4 fusion-content-box-hover content-box-column-first-in-row\"><div class=\"col content-box-wrapper content-wrapper link-area-link-icon icon-hover-animation-fade\" style=\"background-color:rgba(255,255,255,0);\" data-animationOffset=\"100%\"><div class=\"heading heading-with-icon icon-left\"><div class=\"image\"><img loading=\"lazy\" decoding=\"async\" src=\"https:\/\/shirts2enjoy.de\/wordpress\/wp-content\/uploads\/2019\/08\/buegeln_lau.gif\" width=\"50\" height=\"38\" alt=\"buegeln_lau\" \/><\/div><h3 class=\"content-box-heading\" style=\"font-size:18px;line-height:23px;\">B\u00fcgeln<\/h3><\/div><div class=\"fusion-clearfix\"><\/div><div class=\"content-container\" style=\"color:#747474;\">\n<p>mit lauem Eisen, max. 110\u00b0<\/p>\n<\/div><\/div><\/div><div class=\"fusion-column content-box-column content-box-column content-box-column-8 col-lg-4 col-md-4 col-sm-4 fusion-content-box-hover \"><div class=\"col content-box-wrapper content-wrapper link-area-link-icon icon-hover-animation-fade\" style=\"background-color:rgba(255,255,255,0);\" data-animationOffset=\"100%\"><div class=\"heading heading-with-icon icon-left\"><div class=\"image\"><img loading=\"lazy\" decoding=\"async\" src=\"https:\/\/shirts2enjoy.de\/wordpress\/wp-content\/uploads\/2019\/08\/buegeln_warm.gif\" width=\"50\" height=\"38\" alt=\"buegeln_warm\" \/><\/div><h3 class=\"content-box-heading\" style=\"font-size:18px;line-height:23px;\">B\u00fcgeln<\/h3><\/div><div class=\"fusion-clearfix\"><\/div><div class=\"content-container\" style=\"color:#747474;\">\n<p>mit warmem Eisen, max. 150\u00b0<\/p>\n<\/div><\/div><\/div><div class=\"fusion-column content-box-column content-box-column content-box-column-9 col-lg-4 col-md-4 col-sm-4 fusion-content-box-hover \"><div class=\"col content-box-wrapper content-wrapper link-area-link-icon icon-hover-animation-fade\" style=\"background-color:rgba(255,255,255,0);\" data-animationOffset=\"100%\"><div class=\"heading heading-with-icon icon-left\"><div class=\"image\"><img loading=\"lazy\" decoding=\"async\" src=\"https:\/\/shirts2enjoy.de\/wordpress\/wp-content\/uploads\/2019\/08\/buegeln_heiss.gif\" width=\"50\" height=\"38\" alt=\"buegeln_heiss\" \/><\/div><h3 class=\"content-box-heading\" style=\"font-size:18px;line-height:23px;\">B\u00fcgeln<\/h3><\/div><div class=\"fusion-clearfix\"><\/div><div class=\"content-container\" style=\"color:#747474;\">\n<p>B\u00fcgeln mit hei\u00dfem Eisen, max. 200\u00b0<\/p>\n<\/div><\/div><\/div><div class=\"fusion-column content-box-column content-box-column content-box-column-10 col-lg-4 col-md-4 col-sm-4 fusion-content-box-hover content-box-column-first-in-row\"><div class=\"col content-box-wrapper content-wrapper link-area-link-icon icon-hover-animation-fade\" style=\"background-color:rgba(255,255,255,0);\" data-animationOffset=\"100%\"><div class=\"heading heading-with-icon icon-left\"><div class=\"image\"><img loading=\"lazy\" decoding=\"async\" src=\"https:\/\/shirts2enjoy.de\/wordpress\/wp-content\/uploads\/2019\/08\/nicht_trockner.gif\" width=\"50\" height=\"38\" alt=\"nicht_trockner\" \/><\/div><h3 class=\"content-box-heading\" style=\"font-size:18px;line-height:23px;\">Nicht in den Trockner <\/h3><\/div><div class=\"fusion-clearfix\"><\/div><div class=\"content-container\" style=\"color:#747474;\">\n<p>bei max. 60\u00b0 trocknen<\/p>\n<\/div><\/div><\/div><div class=\"fusion-column content-box-column content-box-column content-box-column-11 col-lg-4 col-md-4 col-sm-4 fusion-content-box-hover \"><div class=\"col content-box-wrapper content-wrapper link-area-link-icon icon-hover-animation-fade\" style=\"background-color:rgba(255,255,255,0);\" data-animationOffset=\"100%\"><div class=\"heading heading-with-icon icon-left\"><div class=\"image\"><img loading=\"lazy\" decoding=\"async\" src=\"https:\/\/shirts2enjoy.de\/wordpress\/wp-content\/uploads\/2019\/08\/trockner_schonend.gif\" width=\"50\" height=\"38\" alt=\"trockner_schonend\" \/><\/div><h3 class=\"content-box-heading\" style=\"font-size:18px;line-height:23px;\">Schonend im Trockner <\/h3><\/div><div class=\"fusion-clearfix\"><\/div><div class=\"content-container\" style=\"color:#747474;\">\n<p>bei max. 60\u00b0 trocknen<\/p>\n<\/div><\/div><\/div><div class=\"fusion-column content-box-column content-box-column content-box-column-12 col-lg-4 col-md-4 col-sm-4 fusion-content-box-hover \"><div class=\"col content-box-wrapper content-wrapper link-area-link-icon icon-hover-animation-fade\" style=\"background-color:rgba(255,255,255,0);\" data-animationOffset=\"100%\"><div class=\"heading heading-with-icon icon-left\"><div class=\"image\"><img loading=\"lazy\" decoding=\"async\" src=\"https:\/\/shirts2enjoy.de\/wordpress\/wp-content\/uploads\/2019\/08\/trockner_normal.gif\" width=\"50\" height=\"38\" alt=\"trockner_normal\" \/><\/div><h3 class=\"content-box-heading\" style=\"font-size:18px;line-height:23px;\">Trockner normale Temperatur<\/h3><\/div><div class=\"fusion-clearfix\"><\/div><div class=\"content-container\" style=\"color:#747474;\">\n<p>bei max. 60\u00b0 trocknen<\/p>\n<\/div><\/div><\/div><div class=\"fusion-column content-box-column content-box-column content-box-column-13 col-lg-4 col-md-4 col-sm-4 fusion-content-box-hover content-box-column-first-in-row\"><div class=\"col content-box-wrapper content-wrapper link-area-link-icon icon-hover-animation-fade\" style=\"background-color:rgba(255,255,255,0);\" data-animationOffset=\"100%\"><div class=\"heading heading-with-icon icon-left\"><div class=\"image\"><img loading=\"lazy\" decoding=\"async\" src=\"https:\/\/shirts2enjoy.de\/wordpress\/wp-content\/uploads\/2019\/08\/tropfnass_trocknen.gif\" width=\"50\" height=\"38\" alt=\"tropfnass_trocknen\" \/><\/div><h3 class=\"content-box-heading\" style=\"font-size:18px;line-height:23px;\">Tropfnass<\/h3><\/div><div class=\"fusion-clearfix\"><\/div><div class=\"content-container\" style=\"color:#747474;\">\n<p>zum Trocknen aufh\u00e4ngen<\/p>\n<\/div><\/div><\/div><div class=\"fusion-column content-box-column content-box-column content-box-column-14 col-lg-4 col-md-4 col-sm-4 fusion-content-box-hover \"><div class=\"col content-box-wrapper content-wrapper link-area-link-icon icon-hover-animation-fade\" style=\"background-color:rgba(255,255,255,0);\" data-animationOffset=\"100%\"><div class=\"heading heading-with-icon icon-left\"><div class=\"image\"><img loading=\"lazy\" decoding=\"async\" src=\"https:\/\/shirts2enjoy.de\/wordpress\/wp-content\/uploads\/2019\/08\/liegend_trocknen.gif\" width=\"50\" height=\"38\" alt=\"liegend_trocknen\" \/><\/div><h3 class=\"content-box-heading\" style=\"font-size:18px;line-height:23px;\">Tropfnass<\/h3><\/div><div class=\"fusion-clearfix\"><\/div><div class=\"content-container\" style=\"color:#747474;\">\n<p>zum Trocknen aufh\u00e4ngen<\/p>\n<\/div><\/div><\/div><div class=\"fusion-column content-box-column content-box-column content-box-column-15 col-lg-4 col-md-4 col-sm-4 fusion-content-box-hover \"><div class=\"col content-box-wrapper content-wrapper link-area-link-icon icon-hover-animation-fade\" style=\"background-color:rgba(255,255,255,0);\" data-animationOffset=\"100%\"><div class=\"heading heading-with-icon icon-left\"><div class=\"image\"><img loading=\"lazy\" decoding=\"async\" src=\"https:\/\/shirts2enjoy.de\/wordpress\/wp-content\/uploads\/2019\/08\/waescheleine_trocknen.gif\" width=\"50\" height=\"38\" alt=\"waescheleine_trocknen\" \/><\/div><h3 class=\"content-box-heading\" style=\"font-size:18px;line-height:23px;\">An W\u00e4scheleine trocknen<\/h3><\/div><\/div><\/div><div class=\"fusion-column content-box-column content-box-column content-box-column-16 col-lg-4 col-md-4 col-sm-4 fusion-content-box-hover content-box-column-first-in-row\"><div class=\"col content-box-wrapper content-wrapper link-area-link-icon icon-hover-animation-fade\" style=\"background-color:rgba(255,255,255,0);\" data-animationOffset=\"100%\"><div class=\"heading heading-with-icon icon-left\"><div class=\"image\"><img loading=\"lazy\" decoding=\"async\" src=\"https:\/\/shirts2enjoy.de\/wordpress\/wp-content\/uploads\/2019\/08\/keine_chem_reinig.gif\" width=\"50\" height=\"38\" alt=\"keine_chem_reinig\" \/><\/div><h3 class=\"content-box-heading\" style=\"font-size:18px;line-height:23px;\">Keine chemische Reinigung<\/h3><\/div><\/div><\/div><div class=\"fusion-column content-box-column content-box-column content-box-column-17 col-lg-4 col-md-4 col-sm-4 fusion-content-box-hover \"><div class=\"col content-box-wrapper content-wrapper link-area-link-icon icon-hover-animation-fade\" style=\"background-color:rgba(255,255,255,0);\" data-animationOffset=\"100%\"><div class=\"heading heading-with-icon icon-left\"><div class=\"image\"><img loading=\"lazy\" decoding=\"async\" src=\"https:\/\/shirts2enjoy.de\/wordpress\/wp-content\/uploads\/2019\/08\/nicht_chlor_bleichen.gif\" width=\"50\" height=\"38\" alt=\"nicht_chlor_bleichen\" \/><\/div><h3 class=\"content-box-heading\" style=\"font-size:18px;line-height:23px;\">Nicht mit Chlor bleichen<\/h3><\/div><\/div><\/div><div class=\"fusion-column content-box-column content-box-column content-box-column-18 col-lg-4 col-md-4 col-sm-4 fusion-content-box-hover \"><div class=\"col content-box-wrapper content-wrapper link-area-link-icon icon-hover-animation-fade\" style=\"background-color:rgba(255,255,255,0);\" data-animationOffset=\"100%\"><div class=\"heading heading-with-icon icon-left\"><div class=\"image\"><img loading=\"lazy\" decoding=\"async\" src=\"https:\/\/shirts2enjoy.de\/wordpress\/wp-content\/uploads\/2019\/08\/chlor_bleichen.gif\" width=\"50\" height=\"38\" alt=\"chlor_bleichen\" \/><\/div><h3 class=\"content-box-heading\" style=\"font-size:18px;line-height:23px;\">Bleichen mit Chlor erlaubt<\/h3><\/div><\/div><\/div><div class=\"fusion-column content-box-column content-box-column content-box-column-19 col-lg-4 col-md-4 col-sm-4 fusion-content-box-hover content-box-column-first-in-row\"><div class=\"col content-box-wrapper content-wrapper link-area-link-icon icon-hover-animation-fade\" style=\"background-color:rgba(255,255,255,0);\" data-animationOffset=\"100%\"><div class=\"heading heading-with-icon icon-left\"><div class=\"image\"><img loading=\"lazy\" decoding=\"async\" src=\"https:\/\/shirts2enjoy.de\/wordpress\/wp-content\/uploads\/2019\/08\/chem_reinig_f.gif\" width=\"50\" height=\"38\" alt=\"chem_reinig_f\" \/><\/div><h3 class=\"content-box-heading\" style=\"font-size:18px;line-height:23px;\">Art des Reinigungsmittels<\/h3><\/div><div class=\"fusion-clearfix\"><\/div><div class=\"content-container\" style=\"color:#747474;\">\n<p>bei chemischer Reinigung | A | F | P |<\/p>\n<\/div><\/div><\/div><div class=\"fusion-column content-box-column content-box-column content-box-column-20 col-lg-4 col-md-4 col-sm-4 fusion-content-box-hover content-box-column-last\"><div class=\"col content-box-wrapper content-wrapper link-area-link-icon icon-hover-animation-fade\" style=\"background-color:rgba(255,255,255,0);\" data-animationOffset=\"100%\"><div class=\"heading heading-with-icon icon-left\"><div class=\"image\"><img loading=\"lazy\" decoding=\"async\" src=\"https:\/\/shirts2enjoy.de\/wordpress\/wp-content\/uploads\/2019\/08\/chem_reinig_schonend_f.gif\" width=\"50\" height=\"38\" alt=\"chem_reinig_schonend_f\" \/><\/div><h3 class=\"content-box-heading\" style=\"font-size:18px;line-height:23px;\">Art des Reinigungsmittels (schonend)<\/h3><\/div><div class=\"fusion-clearfix\"><\/div><div class=\"content-container\" style=\"color:#747474;\">\n<p>bei chemischer Reinigung | F | P |<\/p>\n<\/div><\/div><\/div><style type=\"text\/css\">\n\t\t\t\t\t\t.fusion-content-boxes-1 .fusion-content-box-hover .heading-link:hover .icon i.circle-yes,\n\t\t\t\t\t\t.fusion-content-boxes-1 .fusion-content-box-hover .link-area-box:hover .heading-link .icon i.circle-yes,\n\t\t\t\t\t\t.fusion-content-boxes-1 .fusion-content-box-hover .link-area-link-icon-hover .heading .icon i.circle-yes,\n\t\t\t\t\t\t.fusion-content-boxes-1 .fusion-content-box-hover .link-area-box-hover .heading .icon i.circle-yes {\n\t\t\t\t\t\t\tbackground-color: #e21594 !important;\n\t\t\t\t\t\t\tborder-color: #e21594 !important;\n\t\t\t\t\t\t}<\/style><div class=\"fusion-clearfix\"><\/div><\/div><div class=\"fusion-clearfix\"><\/div>\n\n\t\t\t\t\t<\/div>\n\t\t\t\t<\/div><\/div><\/div>\n","protected":false},"excerpt":{"rendered":"","protected":false},"author":1,"featured_media":0,"parent":0,"menu_order":0,"comment_status":"closed","ping_status":"closed","template":"","meta":{"footnotes":""},"class_list":["post-466","page","type-page","status-publish","hentry"],"yoast_head":"<!-- This site is optimized with the Yoast SEO plugin v26.6 - https:\/\/yoast.com\/wordpress\/plugins\/seo\/ -->\n<title>Pflegehinweise - Shirts2Enjoy<\/title>\n<meta name=\"robots\" content=\"index, follow, max-snippet:-1, max-image-preview:large, max-video-preview:-1\" \/>\n<link rel=\"canonical\" href=\"https:\/\/shirts2enjoy.de\/wordpress\/pflegehinweise\/\" \/>\n<meta property=\"og:locale\" content=\"de_DE\" \/>\n<meta property=\"og:type\" content=\"article\" \/>\n<meta property=\"og:title\" content=\"Pflegehinweise - Shirts2Enjoy\" \/>\n<meta property=\"og:url\" content=\"https:\/\/shirts2enjoy.de\/wordpress\/pflegehinweise\/\" \/>\n<meta property=\"og:site_name\" content=\"Shirts2Enjoy\" \/>\n<meta property=\"article:modified_time\" content=\"2019-08-22T15:59:57+00:00\" \/>\n<meta name=\"twitter:card\" content=\"summary_large_image\" \/>\n<meta name=\"twitter:label1\" content=\"Gesch\u00e4tzte Lesezeit\" \/>\n\t<meta name=\"twitter:data1\" content=\"7\u00a0Minuten\" \/>\n<script type=\"application\/ld+json\" class=\"yoast-schema-graph\">{\"@context\":\"https:\/\/schema.org\",\"@graph\":[{\"@type\":\"WebPage\",\"@id\":\"https:\/\/shirts2enjoy.de\/wordpress\/pflegehinweise\/\",\"url\":\"https:\/\/shirts2enjoy.de\/wordpress\/pflegehinweise\/\",\"name\":\"Pflegehinweise - Shirts2Enjoy\",\"isPartOf\":{\"@id\":\"https:\/\/shirts2enjoy.de\/wordpress\/#website\"},\"datePublished\":\"2019-08-22T15:38:03+00:00\",\"dateModified\":\"2019-08-22T15:59:57+00:00\",\"breadcrumb\":{\"@id\":\"https:\/\/shirts2enjoy.de\/wordpress\/pflegehinweise\/#breadcrumb\"},\"inLanguage\":\"de\",\"potentialAction\":[{\"@type\":\"ReadAction\",\"target\":[\"https:\/\/shirts2enjoy.de\/wordpress\/pflegehinweise\/\"]}]},{\"@type\":\"BreadcrumbList\",\"@id\":\"https:\/\/shirts2enjoy.de\/wordpress\/pflegehinweise\/#breadcrumb\",\"itemListElement\":[{\"@type\":\"ListItem\",\"position\":1,\"name\":\"Startseite\",\"item\":\"https:\/\/shirts2enjoy.de\/wordpress\/\"},{\"@type\":\"ListItem\",\"position\":2,\"name\":\"Pflegehinweise\"}]},{\"@type\":\"WebSite\",\"@id\":\"https:\/\/shirts2enjoy.de\/wordpress\/#website\",\"url\":\"https:\/\/shirts2enjoy.de\/wordpress\/\",\"name\":\"Shirts2Enjoy\",\"description\":\"Eine weitere WordPress-Website\",\"potentialAction\":[{\"@type\":\"SearchAction\",\"target\":{\"@type\":\"EntryPoint\",\"urlTemplate\":\"https:\/\/shirts2enjoy.de\/wordpress\/?s={search_term_string}\"},\"query-input\":{\"@type\":\"PropertyValueSpecification\",\"valueRequired\":true,\"valueName\":\"search_term_string\"}}],\"inLanguage\":\"de\"}]}<\/script>\n<!-- \/ Yoast SEO plugin. -->","yoast_head_json":{"title":"Pflegehinweise - Shirts2Enjoy","robots":{"index":"index","follow":"follow","max-snippet":"max-snippet:-1","max-image-preview":"max-image-preview:large","max-video-preview":"max-video-preview:-1"},"canonical":"https:\/\/shirts2enjoy.de\/wordpress\/pflegehinweise\/","og_locale":"de_DE","og_type":"article","og_title":"Pflegehinweise - Shirts2Enjoy","og_url":"https:\/\/shirts2enjoy.de\/wordpress\/pflegehinweise\/","og_site_name":"Shirts2Enjoy","article_modified_time":"2019-08-22T15:59:57+00:00","twitter_card":"summary_large_image","twitter_misc":{"Gesch\u00e4tzte Lesezeit":"7\u00a0Minuten"},"schema":{"@context":"https:\/\/schema.org","@graph":[{"@type":"WebPage","@id":"https:\/\/shirts2enjoy.de\/wordpress\/pflegehinweise\/","url":"https:\/\/shirts2enjoy.de\/wordpress\/pflegehinweise\/","name":"Pflegehinweise - Shirts2Enjoy","isPartOf":{"@id":"https:\/\/shirts2enjoy.de\/wordpress\/#website"},"datePublished":"2019-08-22T15:38:03+00:00","dateModified":"2019-08-22T15:59:57+00:00","breadcrumb":{"@id":"https:\/\/shirts2enjoy.de\/wordpress\/pflegehinweise\/#breadcrumb"},"inLanguage":"de","potentialAction":[{"@type":"ReadAction","target":["https:\/\/shirts2enjoy.de\/wordpress\/pflegehinweise\/"]}]},{"@type":"BreadcrumbList","@id":"https:\/\/shirts2enjoy.de\/wordpress\/pflegehinweise\/#breadcrumb","itemListElement":[{"@type":"ListItem","position":1,"name":"Startseite","item":"https:\/\/shirts2enjoy.de\/wordpress\/"},{"@type":"ListItem","position":2,"name":"Pflegehinweise"}]},{"@type":"WebSite","@id":"https:\/\/shirts2enjoy.de\/wordpress\/#website","url":"https:\/\/shirts2enjoy.de\/wordpress\/","name":"Shirts2Enjoy","description":"Eine weitere WordPress-Website","potentialAction":[{"@type":"SearchAction","target":{"@type":"EntryPoint","urlTemplate":"https:\/\/shirts2enjoy.de\/wordpress\/?s={search_term_string}"},"query-input":{"@type":"PropertyValueSpecification","valueRequired":true,"valueName":"search_term_string"}}],"inLanguage":"de"}]}},"_links":{"self":[{"href":"https:\/\/shirts2enjoy.de\/wordpress\/wp-json\/wp\/v2\/pages\/466","targetHints":{"allow":["GET"]}}],"collection":[{"href":"https:\/\/shirts2enjoy.de\/wordpress\/wp-json\/wp\/v2\/pages"}],"about":[{"href":"https:\/\/shirts2enjoy.de\/wordpress\/wp-json\/wp\/v2\/types\/page"}],"author":[{"embeddable":true,"href":"https:\/\/shirts2enjoy.de\/wordpress\/wp-json\/wp\/v2\/users\/1"}],"replies":[{"embeddable":true,"href":"https:\/\/shirts2enjoy.de\/wordpress\/wp-json\/wp\/v2\/comments?post=466"}],"version-history":[{"count":7,"href":"https:\/\/shirts2enjoy.de\/wordpress\/wp-json\/wp\/v2\/pages\/466\/revisions"}],"predecessor-version":[{"id":493,"href":"https:\/\/shirts2enjoy.de\/wordpress\/wp-json\/wp\/v2\/pages\/466\/revisions\/493"}],"wp:attachment":[{"href":"https:\/\/shirts2enjoy.de\/wordpress\/wp-json\/wp\/v2\/media?parent=466"}],"curies":[{"name":"wp","href":"https:\/\/api.w.org\/{rel}","templated":true}]}}