{"id":455,"date":"2019-08-22T17:12:57","date_gmt":"2019-08-22T15:12:57","guid":{"rendered":"https:\/\/shirts2enjoy.de\/wordpress\/?page_id=455"},"modified":"2019-08-22T18:04:53","modified_gmt":"2019-08-22T16:04:53","slug":"pflegeanleitung","status":"publish","type":"page","link":"https:\/\/shirts2enjoy.de\/wordpress\/pflegeanleitung\/","title":{"rendered":"Pflegeanleitung"},"content":{"rendered":"<div class=\"fusion-fullwidth fullwidth-box nonhundred-percent-fullwidth non-hundred-percent-height-scrolling\"  style='background-color: rgba(255,255,255,0);background-position: center center;background-repeat: no-repeat;padding-top:0px;padding-right:0px;padding-bottom:0px;padding-left:0px;'><div class=\"fusion-builder-row fusion-row \"><div  class=\"fusion-layout-column fusion_builder_column fusion_builder_column_1_1 fusion-builder-column-1 fusion-one-full fusion-column-first fusion-column-last 1_1\"  style='margin-top:0px;margin-bottom:20px;'>\n\t\t\t\t\t<div class=\"fusion-column-wrapper\" style=\"padding: 0px 0px 0px 0px;background-position:left top;background-repeat:no-repeat;-webkit-background-size:cover;-moz-background-size:cover;-o-background-size:cover;background-size:cover;\"   data-bg-url=\"\">\n\t\t\t\t\t\t<div class=\"fusion-text\"><p>Um Ihre Garantieanspr\u00fcche bei bedruckten Textilien zu erhalten, sollten Sie unsere Pflege- und Waschanleitung auf jeden Fall beachten. Wenn Sie diese Hinweise beachten, werden Sie viel Freude an Ihren bedruckten Textilien haben<\/p>\n<\/div><div class=\"fusion-alert alert success alert-success fusion-alert-center fusion-alert-capitalize\" style=\"background-color:#dff0d8;color:#5ca340;border-color:#5ca340;border-width:1px;\"><div class=\"fusion-alert-content-wrapper\"><span class=\"alert-icon\"><i class=\"fa-lg fa fa-check-circle\"><\/i><\/span><span class=\"fusion-alert-content\">Textilien generell links gewendet waschen. Nicht einweichen und auswringen. Keine Weichsp\u00fcler oder Bleichmittel verwenden.<\/span><\/div><\/div><div class=\"fusion-content-boxes content-boxes columns row fusion-columns-5 fusion-columns-total-5 fusion-content-boxes-1 content-boxes-icon-on-top content-left\" data-animationOffset=\"100%\" style=\"margin-top:80px;margin-bottom:60px;\"><style type=\"text\/css\">.fusion-content-boxes-1 .heading .content-box-heading {color:#333333;}\n\t\t\t\t\t.fusion-content-boxes-1 .fusion-content-box-hover .link-area-link-icon-hover .heading .content-box-heading,\n\t\t\t\t\t.fusion-content-boxes-1 .fusion-content-box-hover .link-area-link-icon-hover .heading .heading-link .content-box-heading,\n\t\t\t\t\t.fusion-content-boxes-1 .fusion-content-box-hover .link-area-box-hover .heading .content-box-heading,\n\t\t\t\t\t.fusion-content-boxes-1 .fusion-content-box-hover .link-area-box-hover .heading .heading-link .content-box-heading,\n\t\t\t\t\t.fusion-content-boxes-1 .fusion-content-box-hover .link-area-link-icon-hover.link-area-box .fusion-read-more,\n\t\t\t\t\t.fusion-content-boxes-1 .fusion-content-box-hover .link-area-link-icon-hover.link-area-box .fusion-read-more::after,\n\t\t\t\t\t.fusion-content-boxes-1 .fusion-content-box-hover .link-area-link-icon-hover.link-area-box .fusion-read-more::before,\n\t\t\t\t\t.fusion-content-boxes-1 .fusion-content-box-hover .fusion-read-more:hover:after,\n\t\t\t\t\t.fusion-content-boxes-1 .fusion-content-box-hover .fusion-read-more:hover:before,\n\t\t\t\t\t.fusion-content-boxes-1 .fusion-content-box-hover .fusion-read-more:hover,\n\t\t\t\t\t.fusion-content-boxes-1 .fusion-content-box-hover .link-area-box-hover.link-area-box .fusion-read-more,\n\t\t\t\t\t.fusion-content-boxes-1 .fusion-content-box-hover .link-area-box-hover.link-area-box .fusion-read-more::after,\n\t\t\t\t\t.fusion-content-boxes-1 .fusion-content-box-hover .link-area-box-hover.link-area-box .fusion-read-more::before,\n\t\t\t\t\t.fusion-content-boxes-1 .fusion-content-box-hover .link-area-link-icon-hover .icon .circle-no,\n\t\t\t\t\t.fusion-content-boxes-1 .heading .heading-link:hover .content-box-heading {\n\t\t\t\t\t\tcolor: #e21594;\n\t\t\t\t\t}\n\t\t\t\t\t.fusion-content-boxes-1 .fusion-content-box-hover .link-area-box-hover .icon .circle-no {\n\t\t\t\t\t\tcolor: #e21594 !important;\n\t\t\t\t\t}.fusion-content-boxes-1 .fusion-content-box-hover .link-area-box.link-area-box-hover .fusion-content-box-button {background: #cc1291;color: #ffffff;}.fusion-content-boxes-1 .fusion-content-box-hover .link-area-box.link-area-box-hover .fusion-content-box-button .fusion-button-text {color: #ffffff;}\n\t\t\t\t\t.fusion-content-boxes-1 .fusion-content-box-hover .link-area-link-icon-hover .heading .icon > span {\n\t\t\t\t\t\tbackground-color: #e21594 !important;\n\t\t\t\t\t}\n\t\t\t\t\t.fusion-content-boxes-1 .fusion-content-box-hover .link-area-box-hover .heading .icon > span {\n\t\t\t\t\t\tborder-color: #e21594 !important;\n\t\t\t\t\t}<\/style><div class=\"fusion-column content-box-column content-box-column-1 col-lg-2 col-md-2 col-sm-2 fusion-content-box-hover content-box-column-first-in-row\"><div class=\"col content-box-wrapper content-wrapper link-area-link-icon icon-hover-animation-fade\" style=\"background-color:rgba(255,255,255,0);\" data-animationOffset=\"100%\"><div class=\"heading heading-with-icon icon-left\"><div class=\"image\"><img loading=\"lazy\" decoding=\"async\" src=\"https:\/\/shirts2enjoy.de\/wordpress\/wp-content\/uploads\/2019\/08\/waschen_schonend.gif\" width=\"50\" height=\"38\" alt=\"waschen_schonend\" \/><\/div><h2 class=\"content-box-heading\" style=\"font-size:18px;line-height:23px;\">Handw\u00e4sche oder Schonw\u00e4sche bei 30 Grad<\/h2><\/div><\/div><\/div><div class=\"fusion-column content-box-column content-box-column-2 col-lg-2 col-md-2 col-sm-2 fusion-content-box-hover \"><div class=\"col content-box-wrapper content-wrapper link-area-link-icon icon-hover-animation-fade\" style=\"background-color:rgba(255,255,255,0);\" data-animationOffset=\"100%\"><div class=\"heading heading-with-icon icon-left\"><div class=\"image\"><img loading=\"lazy\" decoding=\"async\" src=\"https:\/\/shirts2enjoy.de\/wordpress\/wp-content\/uploads\/2019\/08\/nicht_chlor_bleichen.gif\" width=\"50\" height=\"38\" alt=\"nicht_chlor_bleichen\" \/><\/div><h2 class=\"content-box-heading\" style=\"font-size:18px;line-height:23px;\">Nicht bleichen<\/h2><\/div><\/div><\/div><div class=\"fusion-column content-box-column content-box-column-3 col-lg-2 col-md-2 col-sm-2 fusion-content-box-hover \"><div class=\"col content-box-wrapper content-wrapper link-area-link-icon icon-hover-animation-fade\" style=\"background-color:rgba(255,255,255,0);\" data-animationOffset=\"100%\"><div class=\"heading heading-with-icon icon-left\"><div class=\"image\"><img loading=\"lazy\" decoding=\"async\" src=\"https:\/\/shirts2enjoy.de\/wordpress\/wp-content\/uploads\/2019\/08\/keine_chem_reinig.gif\" width=\"50\" height=\"38\" alt=\"keine_chem_reinig\" \/><\/div><h2 class=\"content-box-heading\" style=\"font-size:18px;line-height:23px;\">Nicht chemisch Reinigen<\/h2><\/div><\/div><\/div><div class=\"fusion-column content-box-column content-box-column-4 col-lg-2 col-md-2 col-sm-2 fusion-content-box-hover \"><div class=\"col content-box-wrapper content-wrapper link-area-link-icon icon-hover-animation-fade\" style=\"background-color:rgba(255,255,255,0);\" data-animationOffset=\"100%\"><div class=\"heading heading-with-icon icon-left\"><div class=\"image\"><img loading=\"lazy\" decoding=\"async\" src=\"https:\/\/shirts2enjoy.de\/wordpress\/wp-content\/uploads\/2019\/08\/nicht_trockner.gif\" width=\"50\" height=\"38\" alt=\"nicht_trockner\" \/><\/div><h2 class=\"content-box-heading\" style=\"font-size:18px;line-height:23px;\">Nicht Trockner geeignet<\/h2><\/div><\/div><\/div><div class=\"fusion-column content-box-column content-box-column-5 col-lg-2 col-md-2 col-sm-2 fusion-content-box-hover content-box-column-last\"><div class=\"col content-box-wrapper content-wrapper link-area-link-icon icon-hover-animation-fade\" style=\"background-color:rgba(255,255,255,0);\" data-animationOffset=\"100%\"><div class=\"heading heading-with-icon icon-left\"><div class=\"image\"><img loading=\"lazy\" decoding=\"async\" src=\"https:\/\/shirts2enjoy.de\/wordpress\/wp-content\/uploads\/2019\/08\/buegeln_lau.gif\" width=\"50\" height=\"38\" alt=\"buegeln_lau\" \/><\/div><h2 class=\"content-box-heading\" style=\"font-size:18px;line-height:23px;\">Auf kleinster Stufe von links b\u00fcgeln<\/h2><\/div><\/div><\/div><style type=\"text\/css\">\n\t\t\t\t\t\t.fusion-content-boxes-1 .fusion-content-box-hover .heading-link:hover .icon i.circle-yes,\n\t\t\t\t\t\t.fusion-content-boxes-1 .fusion-content-box-hover .link-area-box:hover .heading-link .icon i.circle-yes,\n\t\t\t\t\t\t.fusion-content-boxes-1 .fusion-content-box-hover .link-area-link-icon-hover .heading .icon i.circle-yes,\n\t\t\t\t\t\t.fusion-content-boxes-1 .fusion-content-box-hover .link-area-box-hover .heading .icon i.circle-yes {\n\t\t\t\t\t\t\tbackground-color: #e21594 !important;\n\t\t\t\t\t\t\tborder-color: #e21594 !important;\n\t\t\t\t\t\t}<\/style><div class=\"fusion-clearfix\"><\/div><\/div><div class=\"fusion-text\"><p style=\"text-align: center;\"><strong><span style=\"font-size: 14pt;\">WICHTIG! Die eingen\u00e4hten Pflegehinweise haben keine G\u00fcltigkeit mehr!<\/span><\/strong><\/p>\n<\/div><div class=\"fusion-text\"><p>Nur die Einhaltung dieser Punkte gew\u00e4hrleistet die Haltbarkeit, Farbintensivit\u00e4t und Kontrastwirkung der Beflockung oder Bedruckung. Bei Abweichung der Pflegehinweise \u00fcbernehmen wir keinerlei Haftung oder Garantieleistung f\u00fcr eventuell auftretende Sch\u00e4den.<\/p>\n<\/div><div class=\"fusion-clearfix\"><\/div>\n\n\t\t\t\t\t<\/div>\n\t\t\t\t<\/div><\/div><\/div>\n","protected":false},"excerpt":{"rendered":"","protected":false},"author":1,"featured_media":0,"parent":0,"menu_order":0,"comment_status":"closed","ping_status":"closed","template":"","meta":{"footnotes":""},"class_list":["post-455","page","type-page","status-publish","hentry"],"yoast_head":"<!-- This site is optimized with the Yoast SEO plugin v26.6 - https:\/\/yoast.com\/wordpress\/plugins\/seo\/ -->\n<title>Pflegeanleitung - Shirts2Enjoy<\/title>\n<meta name=\"robots\" content=\"index, follow, max-snippet:-1, max-image-preview:large, max-video-preview:-1\" \/>\n<link rel=\"canonical\" href=\"https:\/\/shirts2enjoy.de\/wordpress\/pflegeanleitung\/\" \/>\n<meta property=\"og:locale\" content=\"de_DE\" \/>\n<meta property=\"og:type\" content=\"article\" \/>\n<meta property=\"og:title\" content=\"Pflegeanleitung - Shirts2Enjoy\" \/>\n<meta property=\"og:url\" content=\"https:\/\/shirts2enjoy.de\/wordpress\/pflegeanleitung\/\" \/>\n<meta property=\"og:site_name\" content=\"Shirts2Enjoy\" \/>\n<meta property=\"article:modified_time\" content=\"2019-08-22T16:04:53+00:00\" \/>\n<meta name=\"twitter:card\" content=\"summary_large_image\" \/>\n<meta name=\"twitter:label1\" content=\"Gesch\u00e4tzte Lesezeit\" \/>\n\t<meta name=\"twitter:data1\" content=\"4\u00a0Minuten\" \/>\n<script type=\"application\/ld+json\" class=\"yoast-schema-graph\">{\"@context\":\"https:\/\/schema.org\",\"@graph\":[{\"@type\":\"WebPage\",\"@id\":\"https:\/\/shirts2enjoy.de\/wordpress\/pflegeanleitung\/\",\"url\":\"https:\/\/shirts2enjoy.de\/wordpress\/pflegeanleitung\/\",\"name\":\"Pflegeanleitung - Shirts2Enjoy\",\"isPartOf\":{\"@id\":\"https:\/\/shirts2enjoy.de\/wordpress\/#website\"},\"datePublished\":\"2019-08-22T15:12:57+00:00\",\"dateModified\":\"2019-08-22T16:04:53+00:00\",\"breadcrumb\":{\"@id\":\"https:\/\/shirts2enjoy.de\/wordpress\/pflegeanleitung\/#breadcrumb\"},\"inLanguage\":\"de\",\"potentialAction\":[{\"@type\":\"ReadAction\",\"target\":[\"https:\/\/shirts2enjoy.de\/wordpress\/pflegeanleitung\/\"]}]},{\"@type\":\"BreadcrumbList\",\"@id\":\"https:\/\/shirts2enjoy.de\/wordpress\/pflegeanleitung\/#breadcrumb\",\"itemListElement\":[{\"@type\":\"ListItem\",\"position\":1,\"name\":\"Startseite\",\"item\":\"https:\/\/shirts2enjoy.de\/wordpress\/\"},{\"@type\":\"ListItem\",\"position\":2,\"name\":\"Pflegeanleitung\"}]},{\"@type\":\"WebSite\",\"@id\":\"https:\/\/shirts2enjoy.de\/wordpress\/#website\",\"url\":\"https:\/\/shirts2enjoy.de\/wordpress\/\",\"name\":\"Shirts2Enjoy\",\"description\":\"Eine weitere WordPress-Website\",\"potentialAction\":[{\"@type\":\"SearchAction\",\"target\":{\"@type\":\"EntryPoint\",\"urlTemplate\":\"https:\/\/shirts2enjoy.de\/wordpress\/?s={search_term_string}\"},\"query-input\":{\"@type\":\"PropertyValueSpecification\",\"valueRequired\":true,\"valueName\":\"search_term_string\"}}],\"inLanguage\":\"de\"}]}<\/script>\n<!-- \/ Yoast SEO plugin. -->","yoast_head_json":{"title":"Pflegeanleitung - Shirts2Enjoy","robots":{"index":"index","follow":"follow","max-snippet":"max-snippet:-1","max-image-preview":"max-image-preview:large","max-video-preview":"max-video-preview:-1"},"canonical":"https:\/\/shirts2enjoy.de\/wordpress\/pflegeanleitung\/","og_locale":"de_DE","og_type":"article","og_title":"Pflegeanleitung - Shirts2Enjoy","og_url":"https:\/\/shirts2enjoy.de\/wordpress\/pflegeanleitung\/","og_site_name":"Shirts2Enjoy","article_modified_time":"2019-08-22T16:04:53+00:00","twitter_card":"summary_large_image","twitter_misc":{"Gesch\u00e4tzte Lesezeit":"4\u00a0Minuten"},"schema":{"@context":"https:\/\/schema.org","@graph":[{"@type":"WebPage","@id":"https:\/\/shirts2enjoy.de\/wordpress\/pflegeanleitung\/","url":"https:\/\/shirts2enjoy.de\/wordpress\/pflegeanleitung\/","name":"Pflegeanleitung - Shirts2Enjoy","isPartOf":{"@id":"https:\/\/shirts2enjoy.de\/wordpress\/#website"},"datePublished":"2019-08-22T15:12:57+00:00","dateModified":"2019-08-22T16:04:53+00:00","breadcrumb":{"@id":"https:\/\/shirts2enjoy.de\/wordpress\/pflegeanleitung\/#breadcrumb"},"inLanguage":"de","potentialAction":[{"@type":"ReadAction","target":["https:\/\/shirts2enjoy.de\/wordpress\/pflegeanleitung\/"]}]},{"@type":"BreadcrumbList","@id":"https:\/\/shirts2enjoy.de\/wordpress\/pflegeanleitung\/#breadcrumb","itemListElement":[{"@type":"ListItem","position":1,"name":"Startseite","item":"https:\/\/shirts2enjoy.de\/wordpress\/"},{"@type":"ListItem","position":2,"name":"Pflegeanleitung"}]},{"@type":"WebSite","@id":"https:\/\/shirts2enjoy.de\/wordpress\/#website","url":"https:\/\/shirts2enjoy.de\/wordpress\/","name":"Shirts2Enjoy","description":"Eine weitere WordPress-Website","potentialAction":[{"@type":"SearchAction","target":{"@type":"EntryPoint","urlTemplate":"https:\/\/shirts2enjoy.de\/wordpress\/?s={search_term_string}"},"query-input":{"@type":"PropertyValueSpecification","valueRequired":true,"valueName":"search_term_string"}}],"inLanguage":"de"}]}},"_links":{"self":[{"href":"https:\/\/shirts2enjoy.de\/wordpress\/wp-json\/wp\/v2\/pages\/455","targetHints":{"allow":["GET"]}}],"collection":[{"href":"https:\/\/shirts2enjoy.de\/wordpress\/wp-json\/wp\/v2\/pages"}],"about":[{"href":"https:\/\/shirts2enjoy.de\/wordpress\/wp-json\/wp\/v2\/types\/page"}],"author":[{"embeddable":true,"href":"https:\/\/shirts2enjoy.de\/wordpress\/wp-json\/wp\/v2\/users\/1"}],"replies":[{"embeddable":true,"href":"https:\/\/shirts2enjoy.de\/wordpress\/wp-json\/wp\/v2\/comments?post=455"}],"version-history":[{"count":13,"href":"https:\/\/shirts2enjoy.de\/wordpress\/wp-json\/wp\/v2\/pages\/455\/revisions"}],"predecessor-version":[{"id":496,"href":"https:\/\/shirts2enjoy.de\/wordpress\/wp-json\/wp\/v2\/pages\/455\/revisions\/496"}],"wp:attachment":[{"href":"https:\/\/shirts2enjoy.de\/wordpress\/wp-json\/wp\/v2\/media?parent=455"}],"curies":[{"name":"wp","href":"https:\/\/api.w.org\/{rel}","templated":true}]}}